{"id":5793,"date":"2025-02-19T15:09:09","date_gmt":"2025-02-19T15:09:09","guid":{"rendered":"https:\/\/stgilescentre.org\/?page_id=5793"},"modified":"2025-02-19T16:49:50","modified_gmt":"2025-02-19T16:49:50","slug":"planning-for-progression-in-religion-values-and-ethics-rve-age-3-16-an-example-to-support-practitioners","status":"publish","type":"page","link":"https:\/\/stgilescentre.org\/cy\/planning-for-progression-in-religion-values-and-ethics-rve-age-3-16-an-example-to-support-practitioners\/","title":{"rendered":"Cynllunio ar gyfer cynnydd mewn Crefydd, Gwerthoedd a Moeseg (CGM) i blant rhwng 3 ac 16 oed: enghraifft i gefnogi ymarferwyr"},"content":{"rendered":"<p class=\"wp-block-paragraph\">Mae Crefydd, Gwerthoedd a Moeseg (CGM) yn hanfodol yn y Cwricwlwm i Gymru ac yn cyfrannu\u2019n helaeth at gyflawniad y pedwar diben ymhlith dysgwyr.  Mae gan CGM r\u00f4l hanfodol i\u2019w chwarae o ran datblygiad dysgwyr o fewn y maes Dyniaethau.  Nid yw\u2019r enghraifft hon yn darparu cyfres amgen o ddisgrifiadau dysgu ar gyfer pob datganiad o\u2019r pethau sy\u2019n bwysig o ran Dyniaethau.  Yn hytrach, mae\u2019n cynnig enghreifftiau o sgiliau disgyblu CGM penodol ac amhenodol a nodwyd o fewn y disgrifiadau o ddysgu, a\u2019r sgiliau cyfannol, sy\u2019n sail i\u2019r pedwar diben.<\/p>\n\n\n\n<h3 class=\"wp-block-heading\">Beth yw sail yr enghraifft hon?<\/h3>\n\n\n\n<p class=\"wp-block-paragraph\">Dylanwadwyd ar yr enghraifft hon, a gr\u00ebwyd gan <a href=\"https:\/\/stgilescentre.org\/cy\/\" data-type=\"page\" data-id=\"5\" target=\"_blank\" rel=\"noreferrer noopener\">Ganolfan San Silyn<\/a> yn Wrecsam, gan drafodaethau a chanfyddiadau\u2019r Gr\u0175p Prosiect Cydweithredol CGM 2023\/2024, a gafodd ei hwyluso gan Ganolfan San Silyn mewn partneriaeth \u00e2 Th\u00eem Addysg Esgobaethol Llanelwy, ac roedd yn cynnwys pum ysgol gynradd yn Wrecsam.<\/p>\n\n\n\n<h3 class=\"wp-block-heading\">Sut cafodd yr enghraifft hon ei ffurfio?<\/h3>\n\n\n\n<p class=\"wp-block-paragraph\">Ffurfiwyd y sgiliau CGM a amlinellir yn yr enghraifft hon gan ddefnyddio nifer o ddogfennau yn ogystal \u00e2\u2019r <a href=\"https:\/\/hwb.gov.wales\/curriculum-for-wales\/humanities\/descriptions-of-learning\/\" target=\"_blank\" rel=\"noreferrer noopener\">disgrifiadau dysgu<\/a> ar gyfer pob un o\u2019r datganiadau Dyniaethau o beth sy\u2019n bwysig a\u2019r <a href=\"https:\/\/hwb.gov.wales\/curriculum-for-wales\/humanities\/designing-your-curriculum\/#cross-curricular-skills-and-integral-skills\">sgiliau cyfannol<\/a>.  Mae\u2019r rhain yn cynnwys y <a href=\"https:\/\/hwb.gov.wales\/cwricwlwm-i-gymru\/y-dyniaethau\/cynllunio-eich-cwricwlwm\/#canllawiau-ar-grefydd,-gwerthoedd-a-moeseg\" target=\"_blank\" rel=\"noreferrer noopener\">Canllawiau ar Crefydd, Gwerthoedd a Moeseg<\/a> sydd ar gael ar Hwb, Religious Education: supporting the early stages of the process of developing the Humanities\u2019 AoLE (Medi 2017) a gynhyrchwyd gan weithgor Cymdeithas Cynghorau Ymgynghorol Sefydlog Addysg Grefyddol Cymru (CCYSAGC) a Phanel Ymgynghori Cenedlaethol ar Addysg Grefyddol (PYCAG), a dogfen a gynhyrchwyd gan PYCAG yn 2018 o\u2019r enw What is essential in RE?. Mae\u2019r sgiliau CGM yn Nhabl 1 yn dilyn strwythur y teithiau dysgu enghreifftiol yn y canllawiau CGM, sy\u2019n defnyddio tri disgrifiad eang o gynnydd; \u2018camau cynnar y daith\u2019, \u2018ymhellach ar hyd y daith\u2019, ac \u2018yn ddiweddarach ar y daith\u2019.  Caiff y sgiliau CGM yn yr enghraifft hon eu grwpio i bum categori, a fydd o bosibl yn gorgyffwrdd yn naturiol wrth addysgu a dysgu CGM.  Penderfynodd Aelodau Gr\u0175p Prosiect Cydweithredol CGM 2023-2024 ar y categor\u00efau arbennig hyn ar \u00f4l cytuno y byddai\u2019n ddefnyddiol, yn ymarferol ac o ran cysyniad, pe bai\u2019r 20 sgil CGM a bennir yn cael eu grwpio yn \u00f4l eu nodweddion cyffredin, er mwyn i ymarferwyr fedru eu defnyddio yn y dosbarth.  Y categor\u00efau y penderfynwyd arnynt yw archwilio, gwerthuso, gwybodaeth a dealltwriaeth, parch, ymateb personol.<\/p>\n\n\n\n<h3 class=\"wp-block-heading\">Sut gallai\u2019r enghraifft hon gefnogi cynlluniau ar gyfer cynnydd mewn CGM?<\/h3>\n\n\n\n<p class=\"wp-block-paragraph\">Rhagwelwn y bydd ymarferwyr yn defnyddio\u2019r sgiliau CGM a amlinellir yn yr enghraifft hon i\u2019w harwain i werthuso sefyllfa dysgwyr a\u2019u trywydd ar wahanol gyfnodau o\u2019u cynnydd dysgu, yn ogystal \u00e2\u2019u helpu i wneud penderfyniadau am gynnwys ac addysgeg CGM.  Fodd bynnag, mae Canolfan San Silyn yn annog ymarferwyr i ymgysylltu \u00e2\u2019r enghraifft hon mewn modd beirniadol.   Nid yw\u2019r sgiliau CGM a amlinellwyd yn derfynol ac mae modd eu diwygio.  Anogir ymarferwyr hefyd i gyfathrebu \u00e2\u2019i gilydd mewn modd proffesiynol i helpu i ddatblygu cyd-ddealltwriaeth o gynnydd mewn perthynas \u00e2 CGM o fewn eu lleoliad.  Byddai Canolfan San Silyn yn croesawu adborth ar ddefnyddioldeb yr enghraifft hon o fewn y broses honno.<\/p>\n\n\n\n<h4 class=\"wp-block-heading\">Tabl 1 Cynllunio ar gyfer cynnydd mewn Crefydd, Gwerthoedd a Moeseg (CGM) i blant rhwng 3 ac 16 oed: enghraifft i gefnogi ymarferwyr<\/h4>\n\n\n\n<div data-wp-interactive=\"core\/file\" class=\"wp-block-file\"><object data-wp-bind--hidden=\"!state.hasPdfPreview\" hidden class=\"wp-block-file__embed\" data=\"https:\/\/stgilescentre.org\/wp-content\/uploads\/2025\/02\/Table-1-Progression-in-RVE-an-example-to-support-planning-Eng.pdf\" type=\"application\/pdf\" style=\"width:100%;height:600px\" aria-label=\"Mewnblaniad Table 1 Progression in RVE- an example to support planning Eng.\"><\/object><a id=\"wp-block-file--media-7469a6c8-f84b-4d67-a552-5d4f4a9c8bde\" href=\"https:\/\/stgilescentre.org\/wp-content\/uploads\/2025\/02\/Table-1-Progression-in-RVE-an-example-to-support-planning-Eng.pdf\" target=\"_blank\" rel=\"noreferrer noopener\">Table 1 Progression in RVE- an example to support planning Eng<\/a><a href=\"https:\/\/stgilescentre.org\/wp-content\/uploads\/2025\/02\/Table-1-Progression-in-RVE-an-example-to-support-planning-Eng.pdf\" class=\"wp-block-file__button wp-element-button\" download aria-describedby=\"wp-block-file--media-7469a6c8-f84b-4d67-a552-5d4f4a9c8bde\">Lawrlwytho<\/a><\/div>\n\n\n\n<div style=\"height:17px\" aria-hidden=\"true\" class=\"wp-block-spacer\"><\/div>\n\n\n\n<div data-wp-interactive=\"core\/file\" class=\"wp-block-file\"><object data-wp-bind--hidden=\"!state.hasPdfPreview\" hidden class=\"wp-block-file__embed\" data=\"https:\/\/stgilescentre.org\/wp-content\/uploads\/2025\/02\/CYM-Progression-in-RVE-an-example-to-support-planning.pdf\" type=\"application\/pdf\" style=\"width:100%;height:600px\" aria-label=\"Mewnblaniad CYM Table 1 Progression in RVE- an example to support planning.\"><\/object><a id=\"wp-block-file--media-a9e64de2-abe0-4f60-9c18-85083cf9895c\" href=\"https:\/\/stgilescentre.org\/wp-content\/uploads\/2025\/02\/CYM-Progression-in-RVE-an-example-to-support-planning.pdf\" target=\"_blank\" rel=\"noreferrer noopener\">CYM Table 1 Progression in RVE- an example to support planning<\/a><a href=\"https:\/\/stgilescentre.org\/wp-content\/uploads\/2025\/02\/CYM-Progression-in-RVE-an-example-to-support-planning.pdf\" class=\"wp-block-file__button wp-element-button\" download aria-describedby=\"wp-block-file--media-a9e64de2-abe0-4f60-9c18-85083cf9895c\">Lawrlwytho<\/a><\/div>\n\n\n\n<div style=\"height:30px\" aria-hidden=\"true\" class=\"wp-block-spacer\"><\/div>\n\n\n\n<h4 class=\"wp-block-heading\">Tabl 2. Cynllunio ar gyfer cynydd mewn Crefydd, Gwerthoedd a Moeseg (CGM) i blant rhwng 3 ac 16 oed: enghraifft i gefnogi ymarferwyr mewn lleoliadau meithrin <\/h4>\n\n\n\n<p class=\"wp-block-paragraph\">Yn ystod deialog proffesiynol \u00e2 chydweithwyr arbenigol sy\u2019n gweithio \u00e2 lleoliadau meithrin nas cynhelir a gaiff eu hariannu ac ysgolion \u00e2 darpariaeth meithrin, daeth yn amlwg fod rhywfaint o\u2019r disgrifiadau yn yr enghraifft hon, dan y disgrifiad \u2018camau cynnar y siwrnai\u2019 ychydig yn rhy uchelgeisiol ar gyfer plant oedran meithrin, ac efallai y bydd angen rhagflaenydd i\u2019r disgrifiadau hyn.  Felly, datblygwyd tabl 2 mewn cydweithrediad \u00e2\u2019r arbenigwyr hynny i helpu ymarferwyr mewn lleoliadau meithrin i gynllunio ar gyfer CGM, cyn cam cynnydd 1.<\/p>\n\n\n\n<div data-wp-interactive=\"core\/file\" class=\"wp-block-file\"><object data-wp-bind--hidden=\"!state.hasPdfPreview\" hidden class=\"wp-block-file__embed\" data=\"https:\/\/stgilescentre.org\/wp-content\/uploads\/2025\/02\/Table-2-Progression-in-RVE-an-example-to-support-planning-Eng.pdf\" type=\"application\/pdf\" style=\"width:100%;height:600px\" aria-label=\"Mewnblaniad Table 2 Progression in RVE- an example to support planning Eng.\"><\/object><a id=\"wp-block-file--media-e8797788-09eb-4c21-923a-27919b3da563\" href=\"https:\/\/stgilescentre.org\/wp-content\/uploads\/2025\/02\/Table-2-Progression-in-RVE-an-example-to-support-planning-Eng.pdf\" target=\"_blank\" rel=\"noreferrer noopener\">Table 2 Progression in RVE- an example to support planning Eng<\/a><a href=\"https:\/\/stgilescentre.org\/wp-content\/uploads\/2025\/02\/Table-2-Progression-in-RVE-an-example-to-support-planning-Eng.pdf\" class=\"wp-block-file__button wp-element-button\" download aria-describedby=\"wp-block-file--media-e8797788-09eb-4c21-923a-27919b3da563\">Lawrlwytho<\/a><\/div>\n\n\n\n<div style=\"height:15px\" aria-hidden=\"true\" class=\"wp-block-spacer\"><\/div>\n\n\n\n<div data-wp-interactive=\"core\/file\" class=\"wp-block-file\"><object data-wp-bind--hidden=\"!state.hasPdfPreview\" hidden class=\"wp-block-file__embed\" data=\"https:\/\/stgilescentre.org\/wp-content\/uploads\/2025\/02\/CYM-Table-2-Progression-in-RVE-an-example-to-support-planning_cy.pdf\" type=\"application\/pdf\" style=\"width:100%;height:600px\" aria-label=\"Mewnblaniad CYM Table 2 Progression in RVE- an example to support planning_cy.\"><\/object><a id=\"wp-block-file--media-189e10e8-44d9-4e59-a7b8-b8df8c46e30f\" href=\"https:\/\/stgilescentre.org\/wp-content\/uploads\/2025\/02\/CYM-Table-2-Progression-in-RVE-an-example-to-support-planning_cy.pdf\" target=\"_blank\" rel=\"noreferrer noopener\">CYM Table 2 Progression in RVE- an example to support planning_cy<\/a><a href=\"https:\/\/stgilescentre.org\/wp-content\/uploads\/2025\/02\/CYM-Table-2-Progression-in-RVE-an-example-to-support-planning_cy.pdf\" class=\"wp-block-file__button wp-element-button\" download aria-describedby=\"wp-block-file--media-189e10e8-44d9-4e59-a7b8-b8df8c46e30f\">Lawrlwytho<\/a><\/div>\n\n\n\n<div style=\"height:100px\" aria-hidden=\"true\" class=\"wp-block-spacer\"><\/div>\n\n\n\n<p class=\"wp-block-paragraph\">Gallwch lawrlwytho copi .pdf cyflawn o'r wybodaeth ar y dudalen hon yma:<\/p>\n\n\n\n<div data-wp-interactive=\"core\/file\" class=\"wp-block-file\"><object data-wp-bind--hidden=\"!state.hasPdfPreview\" hidden class=\"wp-block-file__embed\" data=\"https:\/\/stgilescentre.org\/wp-content\/uploads\/2025\/02\/Progression-in-RVE-an-example-to-support-planning-Eng.pdf\" type=\"application\/pdf\" style=\"width:100%;height:600px\" aria-label=\"Mewnblaniad Progression in RVE- an example to support planning Eng.\"><\/object><a id=\"wp-block-file--media-8cef04c8-05ca-44f3-bab4-93042aeb39ff\" href=\"https:\/\/stgilescentre.org\/wp-content\/uploads\/2025\/02\/Progression-in-RVE-an-example-to-support-planning-Eng.pdf\" target=\"_blank\" rel=\"noreferrer noopener\">Progression in RVE- an example to support planning Eng<\/a><a href=\"https:\/\/stgilescentre.org\/wp-content\/uploads\/2025\/02\/Progression-in-RVE-an-example-to-support-planning-Eng.pdf\" class=\"wp-block-file__button wp-element-button\" download aria-describedby=\"wp-block-file--media-8cef04c8-05ca-44f3-bab4-93042aeb39ff\">Lawrlwytho<\/a><\/div>\n\n\n\n<div style=\"height:15px\" aria-hidden=\"true\" class=\"wp-block-spacer\"><\/div>\n\n\n\n<div data-wp-interactive=\"core\/file\" class=\"wp-block-file\"><object data-wp-bind--hidden=\"!state.hasPdfPreview\" hidden class=\"wp-block-file__embed\" data=\"https:\/\/stgilescentre.org\/wp-content\/uploads\/2025\/02\/CYM-Progression-in-RVE-an-example-to-support-planning_cy.pdf\" type=\"application\/pdf\" style=\"width:100%;height:600px\" aria-label=\"Mewnblaniad CYM Progression in RVE- an example to support planning_cy.\"><\/object><a id=\"wp-block-file--media-d0ed631d-88e1-41cf-aee6-5664e4b0a818\" href=\"https:\/\/stgilescentre.org\/wp-content\/uploads\/2025\/02\/CYM-Progression-in-RVE-an-example-to-support-planning_cy.pdf\" target=\"_blank\" rel=\"noreferrer noopener\">CYM Progression in RVE- an example to support planning_cy<\/a><a href=\"https:\/\/stgilescentre.org\/wp-content\/uploads\/2025\/02\/CYM-Progression-in-RVE-an-example-to-support-planning_cy.pdf\" class=\"wp-block-file__button wp-element-button\" download aria-describedby=\"wp-block-file--media-d0ed631d-88e1-41cf-aee6-5664e4b0a818\">Lawrlwytho<\/a><\/div>","protected":false},"excerpt":{"rendered":"<p>Religion, Values and Ethics (RVE) is mandatory in the Curriculum for Wales and has an important contribution to make to learners\u2019 achievement of the four purposes. Sitting within Humanities, RVE has a vital role to play in learner progression in this Area. This example does not provide an alternative set of descriptions of learning for<a class=\"more-link\" href=\"https:\/\/stgilescentre.org\/cy\/planning-for-progression-in-religion-values-and-ethics-rve-age-3-16-an-example-to-support-practitioners\/\">Parhau i ddarllen <span class=\"screen-reader-text\">&#8220;Planning for progression in Religion, Values and Ethics (RVE) age 3-16: an example to support practitioners&#8221;<\/span><\/a><\/p>","protected":false},"author":194686499,"featured_media":0,"parent":0,"menu_order":0,"comment_status":"closed","ping_status":"closed","template":"","meta":{"_coblocks_attr":"","_coblocks_dimensions":"","_coblocks_responsive_height":"","_coblocks_accordion_ie_support":"","_crdt_document":"","advanced_seo_description":"","jetpack_seo_html_title":"","jetpack_seo_noindex":false,"footnotes":""},"class_list":["post-5793","page","type-page","status-publish","hentry","entry"],"jetpack_likes_enabled":false,"jetpack_sharing_enabled":true,"jetpack_shortlink":"https:\/\/wp.me\/Pcslg2-1vr","amp_enabled":true,"_links":{"self":[{"href":"https:\/\/stgilescentre.org\/cy\/wp-json\/wp\/v2\/pages\/5793","targetHints":{"allow":["GET"]}}],"collection":[{"href":"https:\/\/stgilescentre.org\/cy\/wp-json\/wp\/v2\/pages"}],"about":[{"href":"https:\/\/stgilescentre.org\/cy\/wp-json\/wp\/v2\/types\/page"}],"author":[{"embeddable":true,"href":"https:\/\/stgilescentre.org\/cy\/wp-json\/wp\/v2\/users\/194686499"}],"replies":[{"embeddable":true,"href":"https:\/\/stgilescentre.org\/cy\/wp-json\/wp\/v2\/comments?post=5793"}],"version-history":[{"count":24,"href":"https:\/\/stgilescentre.org\/cy\/wp-json\/wp\/v2\/pages\/5793\/revisions"}],"predecessor-version":[{"id":5826,"href":"https:\/\/stgilescentre.org\/cy\/wp-json\/wp\/v2\/pages\/5793\/revisions\/5826"}],"wp:attachment":[{"href":"https:\/\/stgilescentre.org\/cy\/wp-json\/wp\/v2\/media?parent=5793"}],"curies":[{"name":"wp","href":"https:\/\/api.w.org\/{rel}","templated":true}]}}