{"id":75,"date":"2020-10-13T15:08:40","date_gmt":"2020-10-13T14:08:40","guid":{"rendered":"https:\/\/stgilescentre.org\/?page_id=75"},"modified":"2024-06-30T08:39:30","modified_gmt":"2024-06-30T07:39:30","slug":"advisory-support","status":"publish","type":"page","link":"https:\/\/stgilescentre.org\/cy\/advisory-support\/","title":{"rendered":"Cymorth ymgynghorol"},"content":{"rendered":"<figure class=\"wp-block-image alignwide size-large\"><img data-recalc-dims=\"1\" loading=\"lazy\" decoding=\"async\" width=\"750\" height=\"500\" data-attachment-id=\"622\" data-permalink=\"https:\/\/stgilescentre.org\/cy\/advisory-support\/pexels-photo-4466240\/\" data-orig-file=\"https:\/\/i0.wp.com\/stgilescentre.org\/wp-content\/uploads\/2020\/10\/pexels-photo-4466240.jpeg?fit=1880%2C1253&amp;ssl=1\" data-orig-size=\"1880,1253\" data-comments-opened=\"1\" data-image-meta=\"{&quot;aperture&quot;:&quot;0&quot;,&quot;credit&quot;:&quot;&quot;,&quot;camera&quot;:&quot;&quot;,&quot;caption&quot;:&quot;Photo by Karolina Grabowska on &lt;a href=\\&quot;https:\/\/www.pexels.com\/photo\/ceramic-cups-on-marble-table-4466240\/\\&quot; rel=\\&quot;nofollow\\&quot;&gt;Pexels.com&lt;\/a&gt;&quot;,&quot;created_timestamp&quot;:&quot;0&quot;,&quot;copyright&quot;:&quot;&quot;,&quot;focal_length&quot;:&quot;0&quot;,&quot;iso&quot;:&quot;0&quot;,&quot;shutter_speed&quot;:&quot;0&quot;,&quot;title&quot;:&quot;ceramic cups on marble table&quot;,&quot;orientation&quot;:&quot;0&quot;}\" data-image-title=\"pexels-photo-4466240\" data-image-description=\"\" data-image-caption=\"&lt;p&gt;Photo by Karolina Grabowska on &lt;a href=&quot;https:\/\/www.pexels.com\/photo\/ceramic-cups-on-marble-table-4466240\/&quot; rel=&quot;nofollow&quot;&gt;Pexels.com&lt;\/a&gt;&lt;\/p&gt;\" data-large-file=\"https:\/\/i0.wp.com\/stgilescentre.org\/wp-content\/uploads\/2020\/10\/pexels-photo-4466240.jpeg?fit=750%2C500&amp;ssl=1\" src=\"https:\/\/i0.wp.com\/stgilescentre.org\/wp-content\/uploads\/2020\/10\/pexels-photo-4466240.jpeg?resize=750%2C500&#038;ssl=1\" alt=\"ceramic cups on marble table\" class=\"wp-image-622\" srcset=\"https:\/\/i0.wp.com\/stgilescentre.org\/wp-content\/uploads\/2020\/10\/pexels-photo-4466240.jpeg?w=1880&amp;ssl=1 1880w, https:\/\/i0.wp.com\/stgilescentre.org\/wp-content\/uploads\/2020\/10\/pexels-photo-4466240.jpeg?resize=300%2C200&amp;ssl=1 300w, https:\/\/i0.wp.com\/stgilescentre.org\/wp-content\/uploads\/2020\/10\/pexels-photo-4466240.jpeg?resize=1024%2C682&amp;ssl=1 1024w, https:\/\/i0.wp.com\/stgilescentre.org\/wp-content\/uploads\/2020\/10\/pexels-photo-4466240.jpeg?resize=768%2C512&amp;ssl=1 768w, https:\/\/i0.wp.com\/stgilescentre.org\/wp-content\/uploads\/2020\/10\/pexels-photo-4466240.jpeg?resize=1536%2C1024&amp;ssl=1 1536w, https:\/\/i0.wp.com\/stgilescentre.org\/wp-content\/uploads\/2020\/10\/pexels-photo-4466240.jpeg?resize=16%2C12&amp;ssl=1 16w, https:\/\/i0.wp.com\/stgilescentre.org\/wp-content\/uploads\/2020\/10\/pexels-photo-4466240.jpeg?resize=1200%2C800&amp;ssl=1 1200w, https:\/\/i0.wp.com\/stgilescentre.org\/wp-content\/uploads\/2020\/10\/pexels-photo-4466240.jpeg?resize=1568%2C1045&amp;ssl=1 1568w\" sizes=\"auto, (max-width: 750px) 100vw, 750px\" \/><\/figure>\n\n\n\n<p class=\"wp-block-paragraph\">Cynigir cymorth ymgynghorol anffurfiol a ffurfiol i athrawon yn ysgolion cynradd ac uwchradd Wrecsam drwy bartneriaeth greadigol rhwng Cyngor Bwrdeistref Sirol Wrecsam (CBSW) a Chanolfan San Silyn. Mae'r bartneriaeth hon yn golygu bod Wrecsam yn gallu cael ymgynghorydd AG\/CGM arbenigol.<\/p>\n\n\n\n<p class=\"wp-block-paragraph\">Yn ogystal \u00e2 rhoi cefnogaeth ymgynghorol i athrawon yn Wrecsam, darperir cymorth arbenigol ar y pwnc i Gyngor Ymgynghorol Sefydlog Wrecsam ar Addysg Grefyddol (CYSAG), sef y corff statudol sy\u2019n cynghori CBSW ar faterion sy\u2019n gysylltiedig \u00e2 darparu addysg grefyddol ac addoli ar y cyd o fewn yr awdurdod lleol. <\/p>\n\n\n\n<div style=\"height:5px\" aria-hidden=\"true\" class=\"wp-block-spacer\"><\/div>\n\n\n\n<h4 class=\"wp-block-heading\">Enghreifftiau o gymorth<\/h4>\n\n\n\n<p class=\"wp-block-paragraph\">Mae ysgolion ac athrawon yn gofyn am nifer o wahanol fathau o gefnogaeth ymgynghorol. Dyma rai enghreifftiau diweddar o\u2019r gefnogaeth a roddwyd.<\/p>\n\n\n\n<ul class=\"wp-block-list\">\n<li>Cynllunio a chynnydd ar gyfer CGM mewn dosbarth integredig.<\/li>\n\n\n\n<li>Datblygu ysbrydolrwydd yn y dosbarth.<\/li>\n\n\n\n<li>Cefnogi Astudiaethau Crefyddol ar lefel arholiad.<\/li>\n<\/ul>\n\n\n\n<div style=\"height:5px\" aria-hidden=\"true\" class=\"wp-block-spacer\"><\/div>\n\n\n\n<h4 class=\"wp-block-heading\">Fforwm Astudiaethau Crefyddol Wrecsam a Sir y Fflint<\/h4>\n\n\n\n<p class=\"wp-block-paragraph\">Mae Canolfan San Silyn yn parhau i gefnogi Fforwm Astudiaethau Crefyddol Wrecsam a Sir y Fflint, sy'n cael ei redeg gan athrawon ar gyfer athrawon. Mae\u2019r gefnogaeth a gynigir gan y Ganolfan yn cynnwys dysgu proffesiynol, cyngor arbenigol, adnoddau, diweddariadau ar ddatblygiadau perthnasol, annog cyfranogiad mewn sgyrsiau cenedlaethol, a rhannu arfer sy\u2019n dod i\u2019r amlwg o bob rhan o Gymru.<\/p>\n\n\n\n<h4 class=\"wp-block-heading\">Sut ydw i\u2019n cael gafael ar gymorth ymgynghorol?<\/h4>\n\n\n\n<p class=\"wp-block-paragraph\">Gallwch gysylltu\u2019n uniongyrchol \u00e2 Libby i drafod pa gymorth ymgynghorol sydd ei angen arnoch. Gellir rhoi cymorth drwy e-bost, ff\u00f4n, cynhadledd fideo, ac wyneb yn wyneb. Cysylltwch \u00e2 Libby yn: Libby.Jones@wrexham.gov.uk<\/p>","protected":false},"excerpt":{"rendered":"<p>Both informal and formal advisory support are offered to teachers in Wrexham primary and secondary schools through a creative partnership between the Wrexham County Borough Council (WCBC) and the St Giles&#8217; Centre. This partnership means that Wrexham is able to have a dedicated specialist RE\/RVE advisor. As well as offering advisory support to teachers in<a class=\"more-link\" href=\"https:\/\/stgilescentre.org\/cy\/advisory-support\/\">Parhau i ddarllen <span class=\"screen-reader-text\">&#8220;Advisory support&#8221;<\/span><\/a><\/p>","protected":false},"author":194686499,"featured_media":0,"parent":0,"menu_order":0,"comment_status":"closed","ping_status":"closed","template":"","meta":{"_coblocks_attr":"","_coblocks_dimensions":"","_coblocks_responsive_height":"","_coblocks_accordion_ie_support":"","_crdt_document":"","advanced_seo_description":"","jetpack_seo_html_title":"","jetpack_seo_noindex":false,"footnotes":""},"class_list":["post-75","page","type-page","status-publish","hentry","entry"],"jetpack_likes_enabled":false,"jetpack_sharing_enabled":true,"jetpack_shortlink":"https:\/\/wp.me\/Pcslg2-1d","amp_enabled":true,"_links":{"self":[{"href":"https:\/\/stgilescentre.org\/cy\/wp-json\/wp\/v2\/pages\/75","targetHints":{"allow":["GET"]}}],"collection":[{"href":"https:\/\/stgilescentre.org\/cy\/wp-json\/wp\/v2\/pages"}],"about":[{"href":"https:\/\/stgilescentre.org\/cy\/wp-json\/wp\/v2\/types\/page"}],"author":[{"embeddable":true,"href":"https:\/\/stgilescentre.org\/cy\/wp-json\/wp\/v2\/users\/194686499"}],"replies":[{"embeddable":true,"href":"https:\/\/stgilescentre.org\/cy\/wp-json\/wp\/v2\/comments?post=75"}],"version-history":[{"count":18,"href":"https:\/\/stgilescentre.org\/cy\/wp-json\/wp\/v2\/pages\/75\/revisions"}],"predecessor-version":[{"id":4752,"href":"https:\/\/stgilescentre.org\/cy\/wp-json\/wp\/v2\/pages\/75\/revisions\/4752"}],"wp:attachment":[{"href":"https:\/\/stgilescentre.org\/cy\/wp-json\/wp\/v2\/media?parent=75"}],"curies":[{"name":"wp","href":"https:\/\/api.w.org\/{rel}","templated":true}]}}