{"id":77,"date":"2020-10-13T15:08:40","date_gmt":"2020-10-13T14:08:40","guid":{"rendered":"https:\/\/stgilescentre.org\/?page_id=77"},"modified":"2025-02-20T08:31:30","modified_gmt":"2025-02-20T08:31:30","slug":"support-material","status":"publish","type":"page","link":"https:\/\/stgilescentre.org\/cy\/support-material\/","title":{"rendered":"Deunydd cefnogi"},"content":{"rendered":"<figure class=\"wp-block-image alignwide size-large\"><img data-recalc-dims=\"1\" loading=\"lazy\" decoding=\"async\" width=\"750\" height=\"500\" data-attachment-id=\"268\" data-permalink=\"https:\/\/stgilescentre.org\/cy\/professional-learning\/pexels-photo-327882\/\" data-orig-file=\"https:\/\/i0.wp.com\/stgilescentre.org\/wp-content\/uploads\/2020\/10\/pexels-photo-327882.jpeg?fit=1880%2C1253&amp;ssl=1\" data-orig-size=\"1880,1253\" data-comments-opened=\"1\" data-image-meta=\"{&quot;aperture&quot;:&quot;0&quot;,&quot;credit&quot;:&quot;&quot;,&quot;camera&quot;:&quot;&quot;,&quot;caption&quot;:&quot;Photo by Lum3n on &lt;a href=\\&quot;https:\/\/www.pexels.com\/photo\/close-up-of-photo-of-books-327882\/\\&quot; rel=\\&quot;nofollow\\&quot;&gt;Pexels.com&lt;\/a&gt;&quot;,&quot;created_timestamp&quot;:&quot;0&quot;,&quot;copyright&quot;:&quot;&quot;,&quot;focal_length&quot;:&quot;0&quot;,&quot;iso&quot;:&quot;0&quot;,&quot;shutter_speed&quot;:&quot;0&quot;,&quot;title&quot;:&quot;close up of photo of books&quot;,&quot;orientation&quot;:&quot;0&quot;}\" data-image-title=\"pexels-photo-327882\" data-image-description=\"\" data-image-caption=\"&lt;p&gt;Photo by Lum3n on &lt;a href=&quot;https:\/\/www.pexels.com\/photo\/close-up-of-photo-of-books-327882\/&quot; rel=&quot;nofollow&quot;&gt;Pexels.com&lt;\/a&gt;&lt;\/p&gt;\" data-large-file=\"https:\/\/i0.wp.com\/stgilescentre.org\/wp-content\/uploads\/2020\/10\/pexels-photo-327882.jpeg?fit=750%2C500&amp;ssl=1\" src=\"https:\/\/i0.wp.com\/stgilescentre.org\/wp-content\/uploads\/2020\/10\/pexels-photo-327882.jpeg?resize=750%2C500&#038;ssl=1\" alt=\"close up of photo of books\" class=\"wp-image-268\" srcset=\"https:\/\/i0.wp.com\/stgilescentre.org\/wp-content\/uploads\/2020\/10\/pexels-photo-327882.jpeg?resize=1024%2C682&amp;ssl=1 1024w, https:\/\/i0.wp.com\/stgilescentre.org\/wp-content\/uploads\/2020\/10\/pexels-photo-327882.jpeg?resize=300%2C200&amp;ssl=1 300w, https:\/\/i0.wp.com\/stgilescentre.org\/wp-content\/uploads\/2020\/10\/pexels-photo-327882.jpeg?resize=768%2C512&amp;ssl=1 768w, https:\/\/i0.wp.com\/stgilescentre.org\/wp-content\/uploads\/2020\/10\/pexels-photo-327882.jpeg?resize=1536%2C1024&amp;ssl=1 1536w, https:\/\/i0.wp.com\/stgilescentre.org\/wp-content\/uploads\/2020\/10\/pexels-photo-327882.jpeg?resize=16%2C12&amp;ssl=1 16w, https:\/\/i0.wp.com\/stgilescentre.org\/wp-content\/uploads\/2020\/10\/pexels-photo-327882.jpeg?resize=1200%2C800&amp;ssl=1 1200w, https:\/\/i0.wp.com\/stgilescentre.org\/wp-content\/uploads\/2020\/10\/pexels-photo-327882.jpeg?resize=1568%2C1045&amp;ssl=1 1568w, https:\/\/i0.wp.com\/stgilescentre.org\/wp-content\/uploads\/2020\/10\/pexels-photo-327882.jpeg?w=1880&amp;ssl=1 1880w\" sizes=\"auto, (max-width: 750px) 100vw, 750px\" \/><\/figure>\n\n\n\n<div style=\"height:10px\" aria-hidden=\"true\" class=\"wp-block-spacer\"><\/div>\n\n\n\n<p class=\"wp-block-paragraph\">Mae Canolfan San Silyn yn datblygu amrywiaeth o ddeunydd cefnogi dysgu proffesiynol i athrawon ac ysgolion yn Wrecsam, sydd ar gael hefyd am ddim i unrhyw unigolyn neu sefydliad y tu allan i\u2019r fwrdeistref sirol. Caiff y deunyddiau cefnogi hyn eu cyflwyno mewn sawl fformat. <\/p>\n\n\n\n<p class=\"wp-block-paragraph\">Mae\u2019r deunyddiau cefnogi Dysgu Proffesiynol sydd gennym ar hyn o bryd yn cynnwys:<\/p>\n\n\n\n<ul class=\"wp-block-list\">\n<li>Y Gyfres Dysgu Proffesiynol;<\/li>\n\n\n\n<li>Adnoddau enghreifftiol i athrawon.<\/li>\n<\/ul>\n\n\n\n<div style=\"height:5px\" aria-hidden=\"true\" class=\"wp-block-spacer\"><\/div>\n\n\n\n<h4 class=\"wp-block-heading\">Y Gyfres Dysgu Proffesiynol<\/h4>\n\n\n\n<p class=\"wp-block-paragraph\">Casgliad o gyflwyniadau PowerPoint ac adnoddau eraill yw Cyfres Dysgu Proffesiynol Canolfan San Silyn, y gallwch eu defnyddio yn eich cyd-destun eich hun. I ysgolion yn yr awdurdod lleol, gallwn hefyd gyflwyno cyflwyniadau \u2018personol\u2019 o\u2019r deunydd, naill ai ar-lein neu wyneb yn wyneb. Mae teitlau newydd yn cael eu datblygu\u2019n rheolaidd a byddant yn cael eu postio ar y dudalen hon.<\/p>\n\n\n\n<div style=\"height:5px\" aria-hidden=\"true\" class=\"wp-block-spacer\"><\/div>\n\n\n\n<h5 class=\"wp-block-heading\">Maes Llafur Cytunedig Wrecsam<\/h5>\n\n\n\n<p class=\"wp-block-paragraph\">Gwyliwch fideo 6 munud yn disgrifio sut y cafodd Maes Llafur Cyt\u00fbn Wrecsam ei ysgrifennu (18 Mehefin 2022).<\/p>\n\n\n\n<figure class=\"wp-block-video wp-block-embed is-type-video is-provider-videopress\"><div class=\"wp-block-embed__wrapper\">\n<iframe title=\"VideoPress Video Player\" aria-label='VideoPress Video Player' width='750' height='422' src='https:\/\/videopress.com\/embed\/6wmUFceP?cover=1&amp;posterUrl=https%3A%2F%2Fstgilescentre.org%2Fwp-content%2Fuploads%2F2022%2F06%2Fwrexham-agreed-syllabus-mov-version_mov_std.original.jpg&amp;preloadContent=metadata&amp;useAverageColor=1&amp;hd=0' frameborder='0' allowfullscreen data-resize-to-parent=\"true\" allow='clipboard-write'><\/iframe><script src='https:\/\/v0.wordpress.com\/js\/next\/videopress-iframe.js?m=1739540970'><\/script>\n<\/div><\/figure>\n\n\n\n<div style=\"height:24px\" aria-hidden=\"true\" class=\"wp-block-spacer\"><\/div>\n\n\n\n<h5 class=\"wp-block-heading\">Archwilio Bydolygon: Adnodd Ysgogol ar Crefydd, Gwerthoedd a Moeseg yng Nghymru<\/h5>\n\n\n\n<p class=\"wp-block-paragraph\">Mae'r cyhoeddiad dysgu proffesiynol hwn (Mehefin 2022, pdf) yn:<\/p>\n\n\n\n<ul class=\"wp-block-list\">\n<li>Cyflwyno\u2019r cysyniad o 'fydolygon' o safbwynt Cwricwlwm i Gymru;<\/li>\n\n\n\n<li>Ystyried sut y gallai \u2018dull\u2019 bydolygon effeithio ar arfer ystafell ddosbarth. <\/li>\n<\/ul>\n\n\n\n<div class=\"wp-block-file\"><a id=\"wp-block-file--media-13d3a884-afcb-4bb1-98f4-af8d4782de26\" href=\"https:\/\/stgilescentre.org\/wp-content\/uploads\/2022\/06\/FINAL-Exploring-Worldviews-Welsh-27-May-2022.pdf\" target=\"_blank\" rel=\"noreferrer noopener\">Archwilio bydolygon yng Nghymru 9 Mehefin 2022<\/a><a href=\"https:\/\/stgilescentre.org\/wp-content\/uploads\/2022\/06\/FINAL-Exploring-Worldviews-Welsh-27-May-2022.pdf\" class=\"wp-block-file__button wp-element-button\" download aria-describedby=\"wp-block-file--media-13d3a884-afcb-4bb1-98f4-af8d4782de26\">Lawrlwytho<\/a><\/div>\n\n\n\n<div class=\"wp-block-file\"><a id=\"wp-block-file--media-a681b659-600c-4c8b-8d0a-fde97702b357\" href=\"https:\/\/stgilescentre.org\/wp-content\/uploads\/2022\/06\/FINAL-Exploring-Worldviews-English-27-May-2022.pdf\" target=\"_blank\" rel=\"noreferrer noopener\">Exploring Worldviews in Wales 9 June 2022<\/a><a href=\"https:\/\/stgilescentre.org\/wp-content\/uploads\/2022\/06\/FINAL-Exploring-Worldviews-English-27-May-2022.pdf\" class=\"wp-block-file__button wp-element-button\" download aria-describedby=\"wp-block-file--media-a681b659-600c-4c8b-8d0a-fde97702b357\">Lawrlwytho<\/a><\/div>\n\n\n\n<div style=\"height:6px\" aria-hidden=\"true\" class=\"wp-block-spacer\"><\/div>\n\n\n\n<figure class=\"wp-block-image size-large\"><img data-recalc-dims=\"1\" loading=\"lazy\" decoding=\"async\" width=\"750\" height=\"529\" data-attachment-id=\"3011\" data-permalink=\"https:\/\/stgilescentre.org\/cy\/support-material\/english-cover\/\" data-orig-file=\"https:\/\/i0.wp.com\/stgilescentre.org\/wp-content\/uploads\/2022\/06\/English-cover.jpg?fit=2136%2C1506&amp;ssl=1\" data-orig-size=\"2136,1506\" data-comments-opened=\"0\" data-image-meta=\"{&quot;aperture&quot;:&quot;0&quot;,&quot;credit&quot;:&quot;&quot;,&quot;camera&quot;:&quot;&quot;,&quot;caption&quot;:&quot;&quot;,&quot;created_timestamp&quot;:&quot;0&quot;,&quot;copyright&quot;:&quot;&quot;,&quot;focal_length&quot;:&quot;0&quot;,&quot;iso&quot;:&quot;0&quot;,&quot;shutter_speed&quot;:&quot;0&quot;,&quot;title&quot;:&quot;&quot;,&quot;orientation&quot;:&quot;1&quot;}\" data-image-title=\"English-cover\" data-image-description=\"\" data-image-caption=\"\" data-large-file=\"https:\/\/i0.wp.com\/stgilescentre.org\/wp-content\/uploads\/2022\/06\/English-cover.jpg?fit=750%2C529&amp;ssl=1\" src=\"https:\/\/stgilescentre.org\/wp-content\/uploads\/2022\/06\/Welsh-cover.jpg\" alt=\"\" class=\"wp-image-3011\" srcset=\"https:\/\/i0.wp.com\/stgilescentre.org\/wp-content\/uploads\/2022\/06\/Welsh-cover.jpg?w=2139&ssl=1 2139w, https:\/\/i0.wp.com\/stgilescentre.org\/wp-content\/uploads\/2022\/06\/Welsh-cover.jpg?resize=300%2C213&ssl=1 300w, https:\/\/i0.wp.com\/stgilescentre.org\/wp-content\/uploads\/2022\/06\/Welsh-cover.jpg?resize=1024%2C727&ssl=1 1024w, https:\/\/i0.wp.com\/stgilescentre.org\/wp-content\/uploads\/2022\/06\/Welsh-cover.jpg?resize=768%2C545&ssl=1 768w, https:\/\/i0.wp.com\/stgilescentre.org\/wp-content\/uploads\/2022\/06\/Welsh-cover.jpg?resize=1536%2C1090&ssl=1 1536w, https:\/\/i0.wp.com\/stgilescentre.org\/wp-content\/uploads\/2022\/06\/Welsh-cover.jpg?resize=2048%2C1453&ssl=1 2048w, https:\/\/i0.wp.com\/stgilescentre.org\/wp-content\/uploads\/2022\/06\/Welsh-cover.jpg?resize=18%2C12&ssl=1 18w, https:\/\/i0.wp.com\/stgilescentre.org\/wp-content\/uploads\/2022\/06\/Welsh-cover.jpg?resize=1200%2C852&ssl=1 1200w, https:\/\/i0.wp.com\/stgilescentre.org\/wp-content\/uploads\/2022\/06\/Welsh-cover.jpg?resize=1568%2C1113&ssl=1 1568w\" sizes=\"auto, (max-width: 750px) 100vw, 750px\" \/><\/figure>\n\n\n\n<div style=\"height:22px\" aria-hidden=\"true\" class=\"wp-block-spacer\"><\/div>\n\n\n\n<h5 class=\"wp-block-heading\">Dysgu broffesiynol sylfaenol ar Grefydd, Gwerthoedd a Moeseg (CGM) yn y Cwricwlwm i Gymru<\/h5>\n\n\n\n<p class=\"wp-block-paragraph\">Gwyliwch fideo 45 munud ar 'CGM a'r Cwricwlwm i Gymru'. (Fersiwn wedi\u2019i addasu o\u2019r sesiwn ar-lein - 12 Ionawr 2022 -  yw\u2019r fideo.)<\/p>\n\n\n\n<p class=\"wp-block-paragraph\">Noder: Dewiswch yr opsiwn HD i wylio\u2019r fideo mewn \u2018diffiniad uchel\u2019.<\/p>\n\n\n\n<figure class=\"wp-block-video wp-block-embed is-type-video is-provider-videopress\"><div class=\"wp-block-embed__wrapper\">\n<iframe title=\"VideoPress Video Player\" aria-label='VideoPress Video Player' width='750' height='422' src='https:\/\/videopress.com\/embed\/CO0Q7Gg4?cover=1&amp;posterUrl=https%3A%2F%2Fstgilescentre.org%2Fwp-content%2Fuploads%2F2022%2F01%2Frve-and-the-curriculum-for-wales-high_mov_std.original.jpg&amp;preloadContent=metadata&amp;useAverageColor=1&amp;hd=0' frameborder='0' allowfullscreen data-resize-to-parent=\"true\" allow='clipboard-write'><\/iframe><script src='https:\/\/v0.wordpress.com\/js\/next\/videopress-iframe.js?m=1739540970'><\/script>\n<\/div><\/figure>\n\n\n\n<div style=\"height:28px\" aria-hidden=\"true\" class=\"wp-block-spacer\"><\/div>\n\n\n\n<h5 class=\"wp-block-heading\">Datblygu Ysbrydoledd yn yr Ysgol Gynradd<\/h5>\n\n\n\n<p class=\"wp-block-paragraph\">Mae\u2019r adnodd dysgu proffesiynol hwn yn gofyn:<\/p>\n\n\n\n<ul class=\"wp-block-list\">\n<li>Beth yw ysbrydoledd a pham ei fod yn bwysig?<\/li>\n\n\n\n<li>Sut a pham mae datblygiad ysbrydol yn bwysig yn y cwricwlwm?<\/li>\n\n\n\n<li>Ym mha ffyrdd ymarferol y gellir rhoi cyfleoedd i ddysgwyr ddatblygu eu hysbrydolrwydd?<\/li>\n<\/ul>\n\n\n\n<div class=\"wp-block-file\"><a id=\"wp-block-file--media-3e30fae2-29c3-4080-9ebd-d5856c6c6e64\" href=\"https:\/\/stgilescentre.org\/wp-content\/uploads\/2021\/01\/Developing-Spirituality-in-the-County-Primary-School-2021.ppt\">Developing Spirituality in the County Primary School 2021<\/a><a href=\"https:\/\/stgilescentre.org\/wp-content\/uploads\/2021\/01\/Developing-Spirituality-in-the-County-Primary-School-2021.ppt\" class=\"wp-block-file__button wp-element-button\" download aria-describedby=\"wp-block-file--media-3e30fae2-29c3-4080-9ebd-d5856c6c6e64\">Lawrlwytho<\/a><\/div>\n\n\n\n<div class=\"wp-block-file\"><a id=\"wp-block-file--media-6fd34679-89e9-447a-aa1f-3786eb8b2f7d\" href=\"https:\/\/stgilescentre.org\/wp-content\/uploads\/2021\/01\/Datblygu-Ysbrydoledd-yn-yr-Ysgol-Gynradd-2021.ppt\">Datblygu Ysbrydoledd yn yr Ysgol Gynradd 2021<\/a><a href=\"https:\/\/stgilescentre.org\/wp-content\/uploads\/2021\/01\/Datblygu-Ysbrydoledd-yn-yr-Ysgol-Gynradd-2021.ppt\" class=\"wp-block-file__button wp-element-button\" download aria-describedby=\"wp-block-file--media-6fd34679-89e9-447a-aa1f-3786eb8b2f7d\">Lawrlwytho<\/a><\/div>\n\n\n\n<div style=\"height:11px\" aria-hidden=\"true\" id=\"exampleresources\" class=\"wp-block-spacer\"><\/div>\n\n\n\n<h4 class=\"wp-block-heading\">Adnoddau enghreifftiol i athrawon<\/h4>\n\n\n\n<h5 class=\"wp-block-heading\">Enghraifft o gynllunio ar gyfer cynnydd yn RVE (3-16)<\/h5>\n\n\n\n<p class=\"wp-block-paragraph\">Mae Canolfan San Silyn wedi cyhoeddi <strong><em>Cynllunio ar gyfer cynnydd mewn Crefydd, Gwerthoedd a Moeseg (CGM) i blant rhwng 3 ac 16 oed: enghraifft i gefnogi ymarferwyr<\/em><\/strong>. Cr\u00ebwyd yr enghraifft mewn partneriaeth \u00e2 Th\u00eem Addysg Esgobaeth Llanelwy mewn cydweithrediad \u00e2 phump ysgolion cynradd yn Wrecsam.<\/p>\n\n\n\n<p class=\"wp-block-paragraph\">Mae'r adnodd cynllunio ar gyfer cynnydd yn cynnwys hefyd adran i helpu ymarferwyr mewn lleoliadau meithrin i gynllunio ar gyfer CGM, cyn cam cynnydd 1.\nDatblygwyd hyn mewn cydweithrediad \u00e2\u2019r arbenigwyr sy\u2019n gweithio \u00e2 lleoliadau meithrin nas cynhelir a gaiff eu hariannu ac ysgolion \u00e2 darpariaeth meithrin.<\/p>\n\n\n\n<p class=\"wp-block-paragraph\">Rhagwelwn y bydd ymarferwyr yn defnyddio\u2019r sgiliau CGM a amlinellir yn yr enghraifft hon i\u2019w harwain i werthuso sefyllfa dysgwyr a\u2019u trywydd ar wahanol gyfnodau o\u2019u cynnydd dysgu, yn ogystal \u00e2\u2019u helpu i wneud penderfyniadau am gynnwys ac addysgeg CGM.<\/p>\n\n\n\n<p class=\"wp-block-paragraph\">Yn yr un modd \u00e2 phob adnodd, mae Canolfan San Silyn yn annog ymarferwyr i ymgysylltu \u00e2\u2019r enghraifft hon mewn modd beirniadol. Anogir ymarferwyr hefyd i gyfathrebu \u00e2\u2019i gilydd mewn modd proffesiynol i helpu i ddatblygu cyd-ddealltwriaeth o gynnydd mewn perthynas \u00e2 CGM o fewn eu lleoliad.<\/p>\n\n\n\n<p class=\"wp-block-paragraph\">Lawrlwythwch a darllenwch am yr adnodd <a href=\"https:\/\/stgilescentre.org\/cy\/planning-for-progression-in-religion-values-and-ethics-rve-age-3-16-an-example-to-support-practitioners\/\" data-type=\"page\" data-id=\"5793\" target=\"_blank\" rel=\"noreferrer noopener\">yma<\/a>.<\/p>\n\n\n\n<div style=\"height:35px\" aria-hidden=\"true\" class=\"wp-block-spacer\"><\/div>\n\n\n\n<h5 class=\"wp-block-heading\">Enghraifft o Dempled Cynllunio Tymor Canolig ar gyfer Crefydd, Gwerthoedd a Moeseg (CGM)<\/h5>\n\n\n\n<p class=\"wp-block-paragraph\">Mae Canolfan San Silyn wedi datblygu enghraifft o adnodd cynllunio tymor canolig enghreifftiol. Lluniwyd yr adnodd i amlygu\u2019r ystyriaethau cynllunio sylweddol ar gyfer Crefydd, Gwerthoedd a Moeseg i gefnogi ysgolion i ystyried canllawiau a maes llafur cytunedig lleol Crefydd, Gwerthoedd a Moeseg y Cwricwlwm i Gymru.<\/p>\n\n\n\n<div data-wp-interactive=\"core\/file\" class=\"wp-block-file\"><object data-wp-bind--hidden=\"!state.hasPdfPreview\" hidden class=\"wp-block-file__embed\" data=\"https:\/\/stgilescentre.org\/wp-content\/uploads\/2024\/07\/Pri-RVE-planning-mat-2_cy.pdf\" type=\"application\/pdf\" style=\"width:100%;height:600px\" aria-label=\"Mewnblaniad Pri-RVE-planning-mat-2_cy.\"><\/object><a id=\"wp-block-file--media-7983a2d8-95a8-47e7-84c1-5e2013b2db30\" href=\"https:\/\/stgilescentre.org\/wp-content\/uploads\/2024\/07\/Pri-RVE-planning-mat-2_cy.pdf\">Pri-RVE-planning-mat-2_cy<\/a><a href=\"https:\/\/stgilescentre.org\/wp-content\/uploads\/2024\/07\/Pri-RVE-planning-mat-2_cy.pdf\" class=\"wp-block-file__button wp-element-button\" download aria-describedby=\"wp-block-file--media-7983a2d8-95a8-47e7-84c1-5e2013b2db30\">Lawrlwytho<\/a><\/div>\n\n\n\n<div data-wp-interactive=\"core\/file\" class=\"wp-block-file\"><object data-wp-bind--hidden=\"!state.hasPdfPreview\" hidden class=\"wp-block-file__embed\" data=\"https:\/\/stgilescentre.org\/wp-content\/uploads\/2024\/07\/Pri-RVE-planning-mat_eng.pdf\" type=\"application\/pdf\" style=\"width:100%;height:600px\" aria-label=\"Mewnblaniad Pri-RVE-planning-mat_eng.\"><\/object><a id=\"wp-block-file--media-08c5ccbe-3664-43ca-ad2c-0a2d1b530b3b\" href=\"https:\/\/stgilescentre.org\/wp-content\/uploads\/2024\/07\/Pri-RVE-planning-mat_eng.pdf\">Pri-RVE-planning-mat_eng<\/a><a href=\"https:\/\/stgilescentre.org\/wp-content\/uploads\/2024\/07\/Pri-RVE-planning-mat_eng.pdf\" class=\"wp-block-file__button wp-element-button\" download aria-describedby=\"wp-block-file--media-08c5ccbe-3664-43ca-ad2c-0a2d1b530b3b\">Lawrlwytho<\/a><\/div>","protected":false},"excerpt":{"rendered":"<p>The St Giles&#8217; Centre is developing a range of professional learning support materials for teachers and schools in Wrexham , which are also freely accessible to any individual or organisation outside the county borough. These support materials are presented in a variety of formats. Professional Learning support materials currently include: The Professional Learning Series The<a class=\"more-link\" href=\"https:\/\/stgilescentre.org\/cy\/support-material\/\">Parhau i ddarllen <span class=\"screen-reader-text\">&#8220;Support material&#8221;<\/span><\/a><\/p>","protected":false},"author":194686499,"featured_media":0,"parent":0,"menu_order":0,"comment_status":"closed","ping_status":"closed","template":"","meta":{"_coblocks_attr":"","_coblocks_dimensions":"","_coblocks_responsive_height":"","_coblocks_accordion_ie_support":"","_crdt_document":"","advanced_seo_description":"","jetpack_seo_html_title":"","jetpack_seo_noindex":false,"footnotes":""},"class_list":["post-77","page","type-page","status-publish","hentry","entry"],"jetpack_likes_enabled":false,"jetpack_sharing_enabled":true,"jetpack_shortlink":"https:\/\/wp.me\/Pcslg2-1f","amp_enabled":true,"_links":{"self":[{"href":"https:\/\/stgilescentre.org\/cy\/wp-json\/wp\/v2\/pages\/77","targetHints":{"allow":["GET"]}}],"collection":[{"href":"https:\/\/stgilescentre.org\/cy\/wp-json\/wp\/v2\/pages"}],"about":[{"href":"https:\/\/stgilescentre.org\/cy\/wp-json\/wp\/v2\/types\/page"}],"author":[{"embeddable":true,"href":"https:\/\/stgilescentre.org\/cy\/wp-json\/wp\/v2\/users\/194686499"}],"replies":[{"embeddable":true,"href":"https:\/\/stgilescentre.org\/cy\/wp-json\/wp\/v2\/comments?post=77"}],"version-history":[{"count":31,"href":"https:\/\/stgilescentre.org\/cy\/wp-json\/wp\/v2\/pages\/77\/revisions"}],"predecessor-version":[{"id":5830,"href":"https:\/\/stgilescentre.org\/cy\/wp-json\/wp\/v2\/pages\/77\/revisions\/5830"}],"wp:attachment":[{"href":"https:\/\/stgilescentre.org\/cy\/wp-json\/wp\/v2\/media?parent=77"}],"curies":[{"name":"wp","href":"https:\/\/api.w.org\/{rel}","templated":true}]}}